{"id":42,"date":"2018-04-30T06:20:03","date_gmt":"2018-04-30T06:20:03","guid":{"rendered":"http:\/\/rarathemesdemo.com\/rara-business\/?page_id=42"},"modified":"2018-04-30T06:20:03","modified_gmt":"2018-04-30T06:20:03","slug":"wir","status":"publish","type":"page","link":"https:\/\/om.oepnv.services\/?page_id=42","title":{"rendered":"\u00dcber uns"},"content":{"rendered":"<p><strong>Willkommen bei den \u00d6PNV Machern \u2013 Ihrem Partner f\u00fcr Verkehrsplanung und Unternehmensberatung im \u00d6PNV<\/strong><\/p>\n<p>Als junges und aufstrebendes Unternehmen in der \u00d6PNV Branche sind wir stolz darauf, unsere Kunden mit erstklassigen Dienstleistungen in den Bereichen Verkehrsplanung, Datenpflege und Unternehmensberatung zu unterst\u00fctzen. \u00d6PNV Macher verf\u00fcgt \u00fcber langj\u00e4hrige Erfahrung und Expertise, um Ihnen dabei zu helfen, Ihre \u00d6PNV-Projekte erfolgreich zu realisieren und Ihr Unternehmen auf die n\u00e4chste Stufe zu heben.<\/p>\n<p>Unsere Gesch\u00e4ftsleitung besteht aus zwei jungen Disponenten, die schon seit Kindheitstagen von Omnibussen fasziniert und verzaubert waren. Direkt nach dem Schulabschluss haben diese Ihre Leidenschaft zum Beruf gemacht. Beide haben eine kaufm\u00e4nnische Ausbildung in einem gro\u00dfen Omnibusunternehmen mit einem Schwerpunkt in der Disposition und der Verkehrsplanung gemacht. Bereits fr\u00fch wurde Ihnen viel Verantwortung \u00fcbertragen und selbst\u00e4ndige, sowie genaue Arbeit wurde schnell zu deren Grundverst\u00e4ndnis des Arbeitsalltags.<br \/>\nBereits w\u00e4hrend der Ausbildung haben Sie gemerkt, dass die beiden sich perfekt erg\u00e4nzen, da Ihre Kompetenzen einerseits im Bereich der EDV und Modernisierung und somit der Effizienzsteigerung durch gezieltes einsetzen von spezieller Software, sowie in der effektiven Gestaltung von Mitarbeiterdienstpl\u00e4nen, Fahrzeugeinteilung sowie Planung und der Disposition dieser liegt.<\/p>\n<p><span style=\"font-size: revert;\">Unsere Mission ist: Wir wollen allen das beste bieten, bei uns haben das Unternehmen, die Mitarbeiter sowie die Fahrg\u00e4ste aller h\u00f6chste Priorit\u00e4t.<\/span><\/p>\n<p><strong>Unsere Dienstleistungen<\/strong><\/p>\n<p><em>Verkehrsplanung<\/em>: Unsere Verkehrsplanungsdienstleistungen sind darauf ausgerichtet, effiziente und nachhaltige Verkehrssysteme zu entwickeln. Wir bieten ma\u00dfgeschneiderte L\u00f6sungen f\u00fcr \u00f6ffentliche Verkehrsbetriebe, St\u00e4dte und Regionen, um den Verkehrsfluss zu optimieren, die Umweltauswirkungen zu minimieren, die Leerkilometer auf ein Minimum zu reduzieren und die Lebensqualit\u00e4t der Gemeinden zu verbessern.<\/p>\n<p><em>Unternehmensberatung<\/em>: Mit unserer Unternehmensberatung helfen wir Ihnen, Ihre strategischen Ziele zu definieren und umzusetzen. Wir bieten umfassende Beratungsdienste, um Ihr Unternehmen zu st\u00e4rken, Effizienz zu steigern und Wachstum zu f\u00f6rdern. Unsere Experten stehen Ihnen bei der Entwicklung von Gesch\u00e4ftsstrategien, betrieblichen Optimierungen und der Bew\u00e4ltigung von Herausforderungen im \u00d6PNV-Sektor zur Seite.<\/p>\n<p><strong>Warum \u00d6PNV Macher w\u00e4hlen?<\/strong><\/p>\n<ul>\n<li><strong>Expertenwissen<\/strong>: Unser Team besteht aus qualifizierten Fachleuten mit umfangreicher Erfahrung im \u00d6PNV-Bereich.<\/li>\n<li><strong>Ma\u00dfgeschneiderte L\u00f6sungen<\/strong>: Wir entwickeln individuelle L\u00f6sungen, die auf die spezifischen Anforderungen unserer Kunden zugeschnitten sind.<\/li>\n<li><strong>Nachhaltigkeit<\/strong>: Wir setzen uns f\u00fcr umweltfreundliche und nachhaltige Verkehrsplanung und Unternehmensf\u00fchrung ein.<\/li>\n<li><strong>Erfolgsgeschichten<\/strong>: Wir haben bereits zahlreiche Projekte erfolgreich abgeschlossen und positive Auswirkungen auf die Gemeinschaften erzielt.<\/li>\n<\/ul>\n<p><strong>Kontaktieren Sie uns<\/strong><\/p>\n<p>Wenn Sie nach kompetenter Unterst\u00fctzung in den Bereichen Verkehrsplanung und Unternehmensberatung im \u00d6PNV suchen, sind wir gerne f\u00fcr Sie da. Kontaktieren Sie uns noch heute, um mehr \u00fcber unsere Dienstleistungen zu erfahren und wie wir Ihnen helfen k\u00f6nnen, Ihre Ziele zu erreichen.<\/p>\n<p>Bei den \u00d6PNV Machern sind wir bestrebt, die Mobilit\u00e4t der Zukunft zu gestalten und Unternehmen im \u00d6PNV-Sektor zum Erfolg zu f\u00fchren. Wir freuen uns darauf, mit Ihnen zusammenzuarbeiten.<\/p>\n","protected":false},"excerpt":{"rendered":"<p>Wir sind ein junges und aufstrebendes Unternehmen, dass sich zum Ziel gesetzt hat den Unternehmen und Unternehmern bei der aktuellen Verkehrswende im \u00d6ffentlichen Personen Nahverkehr zu helfen und diese durch outsourcing M\u00f6glichkeiten zu unterst\u00fctzen.<\/p>\n","protected":false},"author":1,"featured_media":432,"parent":0,"menu_order":0,"comment_status":"closed","ping_status":"closed","template":"","meta":{"footnotes":""},"class_list":["post-42","page","type-page","status-publish","has-post-thumbnail","hentry"],"_links":{"self":[{"href":"https:\/\/om.oepnv.services\/index.php?rest_route=\/wp\/v2\/pages\/42","targetHints":{"allow":["GET"]}}],"collection":[{"href":"https:\/\/om.oepnv.services\/index.php?rest_route=\/wp\/v2\/pages"}],"about":[{"href":"https:\/\/om.oepnv.services\/index.php?rest_route=\/wp\/v2\/types\/page"}],"author":[{"embeddable":true,"href":"https:\/\/om.oepnv.services\/index.php?rest_route=\/wp\/v2\/users\/1"}],"replies":[{"embeddable":true,"href":"https:\/\/om.oepnv.services\/index.php?rest_route=%2Fwp%2Fv2%2Fcomments&post=42"}],"version-history":[{"count":0,"href":"https:\/\/om.oepnv.services\/index.php?rest_route=\/wp\/v2\/pages\/42\/revisions"}],"wp:featuredmedia":[{"embeddable":true,"href":"https:\/\/om.oepnv.services\/index.php?rest_route=\/wp\/v2\/media\/432"}],"wp:attachment":[{"href":"https:\/\/om.oepnv.services\/index.php?rest_route=%2Fwp%2Fv2%2Fmedia&parent=42"}],"curies":[{"name":"wp","href":"https:\/\/api.w.org\/{rel}","templated":true}]}}